{"id":1026,"date":"2020-11-04T21:43:26","date_gmt":"2020-11-04T20:43:26","guid":{"rendered":"http:\/\/www.eyesen.dominocom.lu\/?page_id=1026"},"modified":"2024-02-05T18:08:45","modified_gmt":"2024-02-05T17:08:45","slug":"nos-agences","status":"publish","type":"page","link":"https:\/\/www.eyesen.lu\/fr\/presentation\/nos-agences\/","title":{"rendered":"Nos agences"},"content":{"rendered":"\t\t<div data-elementor-type=\"wp-page\" data-elementor-id=\"1026\" class=\"elementor elementor-1026\" data-elementor-post-type=\"page\">\n\t\t\t\t\t\t<section data-dce-background-url=\"https:\/\/www.eyesen.lu\/wp-content\/uploads\/2020\/10\/eysen-presentation.jpg\" class=\"elementor-section elementor-top-section elementor-element elementor-element-fa1ca90 elementor-section-height-min-height elementor-section-items-top bandeau-haut elementor-section-boxed elementor-section-height-default\" data-id=\"fa1ca90\" data-element_type=\"section\" data-settings=\"{&quot;background_background&quot;:&quot;classic&quot;}\">\n\t\t\t\t\t\t\t<div class=\"elementor-background-overlay\"><\/div>\n\t\t\t\t\t\t\t<div class=\"elementor-container elementor-column-gap-default\">\n\t\t\t\t\t<div class=\"elementor-column elementor-col-100 elementor-top-column elementor-element elementor-element-4198b7d\" data-id=\"4198b7d\" data-element_type=\"column\">\n\t\t\t<div class=\"elementor-widget-wrap elementor-element-populated\">\n\t\t\t\t\t\t<div class=\"elementor-element elementor-element-cabfb42 elementor-widget elementor-widget-theme-post-title elementor-page-title elementor-widget-heading\" data-id=\"cabfb42\" data-element_type=\"widget\" data-widget_type=\"theme-post-title.default\">\n\t\t\t\t<div class=\"elementor-widget-container\">\n\t\t\t<h1 class=\"elementor-heading-title elementor-size-default\">Nos agences<\/h1>\t\t<\/div>\n\t\t\t\t<\/div>\n\t\t\t\t\t<\/div>\n\t\t<\/div>\n\t\t\t\t\t<\/div>\n\t\t<\/section>\n\t\t\t\t<section class=\"elementor-section elementor-top-section elementor-element elementor-element-f38ea21 elementor-section-boxed elementor-section-height-default elementor-section-height-default\" data-id=\"f38ea21\" data-element_type=\"section\">\n\t\t\t\t\t\t<div class=\"elementor-container elementor-column-gap-default\">\n\t\t\t\t\t<div class=\"elementor-column elementor-col-100 elementor-top-column elementor-element elementor-element-767c847\" data-id=\"767c847\" data-element_type=\"column\" data-settings=\"{&quot;background_background&quot;:&quot;classic&quot;}\">\n\t\t\t<div class=\"elementor-widget-wrap elementor-element-populated\">\n\t\t\t\t\t\t<div class=\"elementor-element elementor-element-9d1f754 elementor-widget elementor-widget-heading\" data-id=\"9d1f754\" data-element_type=\"widget\" data-widget_type=\"heading.default\">\n\t\t\t\t<div class=\"elementor-widget-container\">\n\t\t\t<h2 class=\"elementor-heading-title elementor-size-default\">Livange (si\u00e8ge social)<\/h2>\t\t<\/div>\n\t\t\t\t<\/div>\n\t\t\t\t<section class=\"elementor-section elementor-inner-section elementor-element elementor-element-5d30350 elementor-section-boxed elementor-section-height-default elementor-section-height-default\" data-id=\"5d30350\" data-element_type=\"section\" data-settings=\"{&quot;background_background&quot;:&quot;classic&quot;}\">\n\t\t\t\t\t\t<div class=\"elementor-container elementor-column-gap-default\">\n\t\t\t\t\t<div class=\"elementor-column elementor-col-33 elementor-inner-column elementor-element elementor-element-6af3dde\" data-id=\"6af3dde\" data-element_type=\"column\">\n\t\t\t<div class=\"elementor-widget-wrap elementor-element-populated\">\n\t\t\t\t\t\t<div class=\"elementor-element elementor-element-1b3a116 image-agence dce_masking-none elementor-widget elementor-widget-image\" data-id=\"1b3a116\" data-element_type=\"widget\" data-widget_type=\"image.default\">\n\t\t\t\t<div class=\"elementor-widget-container\">\n\t\t\t\t\t\t\t\t\t\t\t\t\t<img fetchpriority=\"high\" decoding=\"async\" width=\"366\" height=\"402\" src=\"https:\/\/www.eyesen.lu\/wp-content\/uploads\/2020\/11\/eyesen-livange.png\" class=\"attachment-large size-large wp-image-1032\" alt=\"\" srcset=\"https:\/\/www.eyesen.lu\/wp-content\/uploads\/2020\/11\/eyesen-livange.png 366w, https:\/\/www.eyesen.lu\/wp-content\/uploads\/2020\/11\/eyesen-livange-273x300.png 273w\" sizes=\"(max-width: 366px) 100vw, 366px\" \/>\t\t\t\t\t\t\t\t\t\t\t\t\t<\/div>\n\t\t\t\t<\/div>\n\t\t\t\t\t<\/div>\n\t\t<\/div>\n\t\t\t\t<div class=\"elementor-column elementor-col-33 elementor-inner-column elementor-element elementor-element-693126a\" data-id=\"693126a\" data-element_type=\"column\">\n\t\t\t<div class=\"elementor-widget-wrap elementor-element-populated\">\n\t\t\t\t\t\t<div class=\"elementor-element elementor-element-d223171 elementor-align-left elementor-icon-list--layout-traditional elementor-list-item-link-full_width elementor-widget elementor-widget-icon-list\" data-id=\"d223171\" data-element_type=\"widget\" data-widget_type=\"icon-list.default\">\n\t\t\t\t<div class=\"elementor-widget-container\">\n\t\t\t\t\t<ul class=\"elementor-icon-list-items\">\n\t\t\t\t\t\t\t<li class=\"elementor-icon-list-item\">\n\t\t\t\t\t\t\t\t\t\t\t<span class=\"elementor-icon-list-icon\">\n\t\t\t\t\t\t\t<i aria-hidden=\"true\" class=\"fas fa-envelope-open-text\"><\/i>\t\t\t\t\t\t<\/span>\n\t\t\t\t\t\t\t\t\t\t<span class=\"elementor-icon-list-text\">info@eyesen.lu<\/span>\n\t\t\t\t\t\t\t\t\t<\/li>\n\t\t\t\t\t\t\t\t<li class=\"elementor-icon-list-item\">\n\t\t\t\t\t\t\t\t\t\t\t<span class=\"elementor-icon-list-icon\">\n\t\t\t\t\t\t\t<i aria-hidden=\"true\" class=\"fas fa-phone\"><\/i>\t\t\t\t\t\t<\/span>\n\t\t\t\t\t\t\t\t\t\t<span class=\"elementor-icon-list-text\">+352 28 48 30 401<\/span>\n\t\t\t\t\t\t\t\t\t<\/li>\n\t\t\t\t\t\t\t\t<li class=\"elementor-icon-list-item\">\n\t\t\t\t\t\t\t\t\t\t\t<span class=\"elementor-icon-list-icon\">\n\t\t\t\t\t\t\t<i aria-hidden=\"true\" class=\"fas fa-fax\"><\/i>\t\t\t\t\t\t<\/span>\n\t\t\t\t\t\t\t\t\t\t<span class=\"elementor-icon-list-text\">+352 28 48 30 411<\/span>\n\t\t\t\t\t\t\t\t\t<\/li>\n\t\t\t\t\t\t\t\t<li class=\"elementor-icon-list-item\">\n\t\t\t\t\t\t\t\t\t\t\t<span class=\"elementor-icon-list-icon\">\n\t\t\t\t\t\t\t<i aria-hidden=\"true\" class=\"fas fa-clock\"><\/i>\t\t\t\t\t\t<\/span>\n\t\t\t\t\t\t\t\t\t\t<span class=\"elementor-icon-list-text\">Du lundi au jeudi de 08h00 \u00e0 12h30 et de 13h30 \u00e0 18h00<\/br>Le vendredi de 08h00 \u00e0 12h30 et de 13h30 \u00e0 17h00.<\/span>\n\t\t\t\t\t\t\t\t\t<\/li>\n\t\t\t\t\t\t\t\t<li class=\"elementor-icon-list-item\">\n\t\t\t\t\t\t\t\t\t\t\t<span class=\"elementor-icon-list-icon\">\n\t\t\t\t\t\t\t<i aria-hidden=\"true\" class=\"fas fa-map-marker-alt\"><\/i>\t\t\t\t\t\t<\/span>\n\t\t\t\t\t\t\t\t\t\t<span class=\"elementor-icon-list-text\">5 rue Geespelt <\/br>L-3378 LIVANGE<\/br><\/br>Face \u00e0 la Station TOTAL<\/br>Autoroute A3 (sortie n\u00b02)<\/br>Acc\u00e8s facile et stationnement gratuit (parking \u00e0 disposition)<\/span>\n\t\t\t\t\t\t\t\t\t<\/li>\n\t\t\t\t\t\t<\/ul>\n\t\t\t\t<\/div>\n\t\t\t\t<\/div>\n\t\t\t\t\t<\/div>\n\t\t<\/div>\n\t\t\t\t<div class=\"elementor-column elementor-col-33 elementor-inner-column elementor-element elementor-element-3c2c97a\" data-id=\"3c2c97a\" data-element_type=\"column\">\n\t\t\t<div class=\"elementor-widget-wrap elementor-element-populated\">\n\t\t\t\t\t\t<div class=\"elementor-element elementor-element-280c36b elementor-widget elementor-widget-google_maps\" data-id=\"280c36b\" data-element_type=\"widget\" data-widget_type=\"google_maps.default\">\n\t\t\t\t<div class=\"elementor-widget-container\">\n\t\t\t\t\t<div class=\"elementor-custom-embed\">\n\t\t\t<iframe loading=\"lazy\"\n\t\t\t\t\tsrc=\"https:\/\/maps.google.com\/maps?q=EYESEN%20LIVANGE&#038;t=m&#038;z=16&#038;output=embed&#038;iwloc=near\"\n\t\t\t\t\ttitle=\"EYESEN LIVANGE\"\n\t\t\t\t\taria-label=\"EYESEN LIVANGE\"\n\t\t\t><\/iframe>\n\t\t<\/div>\n\t\t\t\t<\/div>\n\t\t\t\t<\/div>\n\t\t\t\t\t<\/div>\n\t\t<\/div>\n\t\t\t\t\t<\/div>\n\t\t<\/section>\n\t\t\t\t\t<\/div>\n\t\t<\/div>\n\t\t\t\t\t<\/div>\n\t\t<\/section>\n\t\t\t\t<section class=\"elementor-section elementor-top-section elementor-element elementor-element-d5db859 elementor-section-boxed elementor-section-height-default elementor-section-height-default\" data-id=\"d5db859\" data-element_type=\"section\">\n\t\t\t\t\t\t<div class=\"elementor-container elementor-column-gap-default\">\n\t\t\t\t\t<div class=\"elementor-column elementor-col-100 elementor-top-column elementor-element elementor-element-181f948\" data-id=\"181f948\" data-element_type=\"column\" data-settings=\"{&quot;background_background&quot;:&quot;classic&quot;}\">\n\t\t\t<div class=\"elementor-widget-wrap elementor-element-populated\">\n\t\t\t\t\t\t<div class=\"elementor-element elementor-element-25000c9 elementor-widget elementor-widget-heading\" data-id=\"25000c9\" data-element_type=\"widget\" data-widget_type=\"heading.default\">\n\t\t\t\t<div class=\"elementor-widget-container\">\n\t\t\t<h2 class=\"elementor-heading-title elementor-size-default\">Esch sur Alzette<\/h2>\t\t<\/div>\n\t\t\t\t<\/div>\n\t\t\t\t<section class=\"elementor-section elementor-inner-section elementor-element elementor-element-60715b7 elementor-section-boxed elementor-section-height-default elementor-section-height-default\" data-id=\"60715b7\" data-element_type=\"section\" data-settings=\"{&quot;background_background&quot;:&quot;classic&quot;}\">\n\t\t\t\t\t\t<div class=\"elementor-container elementor-column-gap-default\">\n\t\t\t\t\t<div class=\"elementor-column elementor-col-33 elementor-inner-column elementor-element elementor-element-bfc7eec\" data-id=\"bfc7eec\" data-element_type=\"column\">\n\t\t\t<div class=\"elementor-widget-wrap elementor-element-populated\">\n\t\t\t\t\t\t<div class=\"elementor-element elementor-element-4f0f86d image-agence dce_masking-none elementor-widget elementor-widget-image\" data-id=\"4f0f86d\" data-element_type=\"widget\" data-widget_type=\"image.default\">\n\t\t\t\t<div class=\"elementor-widget-container\">\n\t\t\t\t\t\t\t\t\t\t\t\t\t<img decoding=\"async\" width=\"1024\" height=\"768\" src=\"https:\/\/www.eyesen.lu\/wp-content\/uploads\/2022\/10\/bc6141d7-0ed8-4263-b406-cb6af5ab2bcc.jpg\" class=\"attachment-large size-large wp-image-2050\" alt=\"\" srcset=\"https:\/\/www.eyesen.lu\/wp-content\/uploads\/2022\/10\/bc6141d7-0ed8-4263-b406-cb6af5ab2bcc.jpg 1024w, https:\/\/www.eyesen.lu\/wp-content\/uploads\/2022\/10\/bc6141d7-0ed8-4263-b406-cb6af5ab2bcc-300x225.jpg 300w, https:\/\/www.eyesen.lu\/wp-content\/uploads\/2022\/10\/bc6141d7-0ed8-4263-b406-cb6af5ab2bcc-768x576.jpg 768w\" sizes=\"(max-width: 1024px) 100vw, 1024px\" \/>\t\t\t\t\t\t\t\t\t\t\t\t\t<\/div>\n\t\t\t\t<\/div>\n\t\t\t\t\t<\/div>\n\t\t<\/div>\n\t\t\t\t<div class=\"elementor-column elementor-col-33 elementor-inner-column elementor-element elementor-element-d5d4560\" data-id=\"d5d4560\" data-element_type=\"column\">\n\t\t\t<div class=\"elementor-widget-wrap elementor-element-populated\">\n\t\t\t\t\t\t<div class=\"elementor-element elementor-element-ed04847 elementor-align-left elementor-icon-list--layout-traditional elementor-list-item-link-full_width elementor-widget elementor-widget-icon-list\" data-id=\"ed04847\" data-element_type=\"widget\" data-widget_type=\"icon-list.default\">\n\t\t\t\t<div class=\"elementor-widget-container\">\n\t\t\t\t\t<ul class=\"elementor-icon-list-items\">\n\t\t\t\t\t\t\t<li class=\"elementor-icon-list-item\">\n\t\t\t\t\t\t\t\t\t\t\t<span class=\"elementor-icon-list-icon\">\n\t\t\t\t\t\t\t<i aria-hidden=\"true\" class=\"fas fa-envelope-open-text\"><\/i>\t\t\t\t\t\t<\/span>\n\t\t\t\t\t\t\t\t\t\t<span class=\"elementor-icon-list-text\">info@eyesen.lu<\/span>\n\t\t\t\t\t\t\t\t\t<\/li>\n\t\t\t\t\t\t\t\t<li class=\"elementor-icon-list-item\">\n\t\t\t\t\t\t\t\t\t\t\t<span class=\"elementor-icon-list-icon\">\n\t\t\t\t\t\t\t<i aria-hidden=\"true\" class=\"fas fa-phone\"><\/i>\t\t\t\t\t\t<\/span>\n\t\t\t\t\t\t\t\t\t\t<span class=\"elementor-icon-list-text\">+352 28 48 30 420<\/span>\n\t\t\t\t\t\t\t\t\t<\/li>\n\t\t\t\t\t\t\t\t<li class=\"elementor-icon-list-item\">\n\t\t\t\t\t\t\t\t\t\t\t<span class=\"elementor-icon-list-icon\">\n\t\t\t\t\t\t\t<i aria-hidden=\"true\" class=\"fas fa-fax\"><\/i>\t\t\t\t\t\t<\/span>\n\t\t\t\t\t\t\t\t\t\t<span class=\"elementor-icon-list-text\">+352 28 48 30 411<\/span>\n\t\t\t\t\t\t\t\t\t<\/li>\n\t\t\t\t\t\t\t\t<li class=\"elementor-icon-list-item\">\n\t\t\t\t\t\t\t\t\t\t\t<span class=\"elementor-icon-list-icon\">\n\t\t\t\t\t\t\t<i aria-hidden=\"true\" class=\"fas fa-clock\"><\/i>\t\t\t\t\t\t<\/span>\n\t\t\t\t\t\t\t\t\t\t<span class=\"elementor-icon-list-text\">Le lundi de 08h30 \u00e0 12h00 et de 14h30 \u00e0 18h00<\/br> Du mardi au Jeudi de 08h30 \u00e0 12h00 et de 13h30 \u00e0 18h00 <\/br>Le vendredi de 08h00 \u00e0 12h00 et de 13h00 \u00e0 17h00<\/span>\n\t\t\t\t\t\t\t\t\t<\/li>\n\t\t\t\t\t\t\t\t<li class=\"elementor-icon-list-item\">\n\t\t\t\t\t\t\t\t\t\t\t<span class=\"elementor-icon-list-icon\">\n\t\t\t\t\t\t\t<i aria-hidden=\"true\" class=\"fas fa-map-marker-alt\"><\/i>\t\t\t\t\t\t<\/span>\n\t\t\t\t\t\t\t\t\t\t<span class=\"elementor-icon-list-text\">90 Bd John Fitzgerald Kennedy<\/br>L-4170 ESCH\/ALZETTE<\/br><\/br>A proximit\u00e9 imm\u00e9diate de la gare d\u2019Esch\/Alzette<\/br>Stationnement possible \u00ab Escher Parkhaus \u00bb <\/span>\n\t\t\t\t\t\t\t\t\t<\/li>\n\t\t\t\t\t\t<\/ul>\n\t\t\t\t<\/div>\n\t\t\t\t<\/div>\n\t\t\t\t\t<\/div>\n\t\t<\/div>\n\t\t\t\t<div class=\"elementor-column elementor-col-33 elementor-inner-column elementor-element elementor-element-9e49f72\" data-id=\"9e49f72\" data-element_type=\"column\">\n\t\t\t<div class=\"elementor-widget-wrap elementor-element-populated\">\n\t\t\t\t\t\t<div class=\"elementor-element elementor-element-a7cd6fb elementor-widget elementor-widget-google_maps\" data-id=\"a7cd6fb\" data-element_type=\"widget\" data-widget_type=\"google_maps.default\">\n\t\t\t\t<div class=\"elementor-widget-container\">\n\t\t\t\t\t<div class=\"elementor-custom-embed\">\n\t\t\t<iframe loading=\"lazy\"\n\t\t\t\t\tsrc=\"https:\/\/maps.google.com\/maps?q=Eyesen%2090%20Bd%20John%20Fitzgerald%20Kennedy%2C%204170%20Esch-sur-Alzette&#038;t=m&#038;z=16&#038;output=embed&#038;iwloc=near\"\n\t\t\t\t\ttitle=\"Eyesen 90 Bd John Fitzgerald Kennedy, 4170 Esch-sur-Alzette\"\n\t\t\t\t\taria-label=\"Eyesen 90 Bd John Fitzgerald Kennedy, 4170 Esch-sur-Alzette\"\n\t\t\t><\/iframe>\n\t\t<\/div>\n\t\t\t\t<\/div>\n\t\t\t\t<\/div>\n\t\t\t\t\t<\/div>\n\t\t<\/div>\n\t\t\t\t\t<\/div>\n\t\t<\/section>\n\t\t\t\t\t<\/div>\n\t\t<\/div>\n\t\t\t\t\t<\/div>\n\t\t<\/section>\n\t\t\t\t<\/div>\n\t\t","protected":false},"excerpt":{"rendered":"<p>Livange (si\u00e8ge social) info@eyesen.lu +352 28 48 30 401 +352 28 48 30 411 Du lundi au jeudi de 08h00 \u00e0 12h30 et de 13h30 \u00e0 18h00Le vendredi de 08h00 \u00e0 12h30 et de 13h30 \u00e0 17h00. 5 rue Geespelt L-3378 LIVANGEFace \u00e0 la Station TOTALAutoroute A3 (sortie n\u00b02)Acc\u00e8s facile et stationnement gratuit (parking \u00e0 [&hellip;]<\/p>\n","protected":false},"author":3,"featured_media":0,"parent":477,"menu_order":0,"comment_status":"closed","ping_status":"closed","template":"elementor_header_footer","meta":{"_acf_changed":false,"site-sidebar-layout":"no-sidebar","site-content-layout":"page-builder","ast-site-content-layout":"","site-content-style":"default","site-sidebar-style":"default","ast-global-header-display":"","ast-banner-title-visibility":"","ast-main-header-display":"","ast-hfb-above-header-display":"","ast-hfb-below-header-display":"","ast-hfb-mobile-header-display":"","site-post-title":"disabled","ast-breadcrumbs-content":"","ast-featured-img":"disabled","footer-sml-layout":"","theme-transparent-header-meta":"default","adv-header-id-meta":"","stick-header-meta":"","header-above-stick-meta":"","header-main-stick-meta":"","header-below-stick-meta":"","astra-migrate-meta-layouts":"default","ast-page-background-enabled":"default","ast-page-background-meta":{"desktop":{"background-color":"","background-image":"","background-repeat":"repeat","background-position":"center center","background-size":"auto","background-attachment":"scroll","background-type":"","background-media":"","overlay-type":"","overlay-color":"","overlay-opacity":"","overlay-gradient":""},"tablet":{"background-color":"","background-image":"","background-repeat":"repeat","background-position":"center center","background-size":"auto","background-attachment":"scroll","background-type":"","background-media":"","overlay-type":"","overlay-color":"","overlay-opacity":"","overlay-gradient":""},"mobile":{"background-color":"","background-image":"","background-repeat":"repeat","background-position":"center center","background-size":"auto","background-attachment":"scroll","background-type":"","background-media":"","overlay-type":"","overlay-color":"","overlay-opacity":"","overlay-gradient":""}},"ast-content-background-meta":{"desktop":{"background-color":"var(--ast-global-color-5)","background-image":"","background-repeat":"repeat","background-position":"center center","background-size":"auto","background-attachment":"scroll","background-type":"","background-media":"","overlay-type":"","overlay-color":"","overlay-opacity":"","overlay-gradient":""},"tablet":{"background-color":"var(--ast-global-color-5)","background-image":"","background-repeat":"repeat","background-position":"center center","background-size":"auto","background-attachment":"scroll","background-type":"","background-media":"","overlay-type":"","overlay-color":"","overlay-opacity":"","overlay-gradient":""},"mobile":{"background-color":"var(--ast-global-color-5)","background-image":"","background-repeat":"repeat","background-position":"center center","background-size":"auto","background-attachment":"scroll","background-type":"","background-media":"","overlay-type":"","overlay-color":"","overlay-opacity":"","overlay-gradient":""}},"footnotes":""},"class_list":["post-1026","page","type-page","status-publish","hentry"],"acf":[],"yoast_head":"<!-- This site is optimized with the Yoast SEO plugin v23.4 - https:\/\/yoast.com\/wordpress\/plugins\/seo\/ -->\n<title>Les agences Eyesen | Int\u00e9rim et recrutement au Luxembourg<\/title>\n<meta name=\"description\" content=\"D\u00e9couvrez les agences d&#039;Eyesen, soci\u00e9t\u00e9 d&#039;int\u00e9rim et recrutement bas\u00e9e au Luxembourg.\" \/>\n<meta name=\"robots\" content=\"index, follow, max-snippet:-1, max-image-preview:large, max-video-preview:-1\" \/>\n<link rel=\"canonical\" href=\"https:\/\/www.eyesen.lu\/fr\/presentation\/nos-agences\/\" \/>\n<meta property=\"og:locale\" content=\"fr_FR\" \/>\n<meta property=\"og:type\" content=\"article\" \/>\n<meta property=\"og:title\" content=\"Les agences Eyesen | Int\u00e9rim et recrutement au Luxembourg\" \/>\n<meta property=\"og:description\" content=\"D\u00e9couvrez les agences d&#039;Eyesen, soci\u00e9t\u00e9 d&#039;int\u00e9rim et recrutement bas\u00e9e au Luxembourg.\" \/>\n<meta property=\"og:url\" content=\"https:\/\/www.eyesen.lu\/fr\/presentation\/nos-agences\/\" \/>\n<meta property=\"og:site_name\" content=\"Eyesen\" \/>\n<meta property=\"article:modified_time\" content=\"2024-02-05T17:08:45+00:00\" \/>\n<meta property=\"og:image\" content=\"https:\/\/www.eyesen.lu\/wp-content\/uploads\/2020\/11\/eyesen-livange.png\" \/>\n<meta name=\"twitter:card\" content=\"summary_large_image\" \/>\n<meta name=\"twitter:label1\" content=\"Dur\u00e9e de lecture estim\u00e9e\" \/>\n\t<meta name=\"twitter:data1\" content=\"2 minutes\" \/>\n<script type=\"application\/ld+json\" class=\"yoast-schema-graph\">{\"@context\":\"https:\/\/schema.org\",\"@graph\":[{\"@type\":\"WebPage\",\"@id\":\"https:\/\/www.eyesen.lu\/fr\/presentation\/nos-agences\/\",\"url\":\"https:\/\/www.eyesen.lu\/fr\/presentation\/nos-agences\/\",\"name\":\"Les agences Eyesen | Int\u00e9rim et recrutement au Luxembourg\",\"isPartOf\":{\"@id\":\"https:\/\/www.eyesen.lu\/fr\/#website\"},\"primaryImageOfPage\":{\"@id\":\"https:\/\/www.eyesen.lu\/fr\/presentation\/nos-agences\/#primaryimage\"},\"image\":{\"@id\":\"https:\/\/www.eyesen.lu\/fr\/presentation\/nos-agences\/#primaryimage\"},\"thumbnailUrl\":\"https:\/\/www.eyesen.lu\/wp-content\/uploads\/2020\/11\/eyesen-livange.png\",\"datePublished\":\"2020-11-04T20:43:26+00:00\",\"dateModified\":\"2024-02-05T17:08:45+00:00\",\"description\":\"D\u00e9couvrez les agences d'Eyesen, soci\u00e9t\u00e9 d'int\u00e9rim et recrutement bas\u00e9e au Luxembourg.\",\"breadcrumb\":{\"@id\":\"https:\/\/www.eyesen.lu\/fr\/presentation\/nos-agences\/#breadcrumb\"},\"inLanguage\":\"fr-FR\",\"potentialAction\":[{\"@type\":\"ReadAction\",\"target\":[\"https:\/\/www.eyesen.lu\/fr\/presentation\/nos-agences\/\"]}]},{\"@type\":\"ImageObject\",\"inLanguage\":\"fr-FR\",\"@id\":\"https:\/\/www.eyesen.lu\/fr\/presentation\/nos-agences\/#primaryimage\",\"url\":\"https:\/\/www.eyesen.lu\/wp-content\/uploads\/2020\/11\/eyesen-livange.png\",\"contentUrl\":\"https:\/\/www.eyesen.lu\/wp-content\/uploads\/2020\/11\/eyesen-livange.png\"},{\"@type\":\"BreadcrumbList\",\"@id\":\"https:\/\/www.eyesen.lu\/fr\/presentation\/nos-agences\/#breadcrumb\",\"itemListElement\":[{\"@type\":\"ListItem\",\"position\":1,\"name\":\"Accueil\",\"item\":\"https:\/\/www.eyesen.lu\/fr\/\"},{\"@type\":\"ListItem\",\"position\":2,\"name\":\"Pr\u00e9sentation\",\"item\":\"https:\/\/www.eyesen.lu\/fr\/presentation\/\"},{\"@type\":\"ListItem\",\"position\":3,\"name\":\"Nos agences\"}]},{\"@type\":\"WebSite\",\"@id\":\"https:\/\/www.eyesen.lu\/fr\/#website\",\"url\":\"https:\/\/www.eyesen.lu\/fr\/\",\"name\":\"Eyesen\",\"description\":\"Un site utilisant WordPress\",\"potentialAction\":[{\"@type\":\"SearchAction\",\"target\":{\"@type\":\"EntryPoint\",\"urlTemplate\":\"https:\/\/www.eyesen.lu\/fr\/?s={search_term_string}\"},\"query-input\":{\"@type\":\"PropertyValueSpecification\",\"valueRequired\":true,\"valueName\":\"search_term_string\"}}],\"inLanguage\":\"fr-FR\"}]}<\/script>\n<!-- \/ Yoast SEO plugin. -->","yoast_head_json":{"title":"Les agences Eyesen | Int\u00e9rim et recrutement au Luxembourg","description":"D\u00e9couvrez les agences d'Eyesen, soci\u00e9t\u00e9 d'int\u00e9rim et recrutement bas\u00e9e au Luxembourg.","robots":{"index":"index","follow":"follow","max-snippet":"max-snippet:-1","max-image-preview":"max-image-preview:large","max-video-preview":"max-video-preview:-1"},"canonical":"https:\/\/www.eyesen.lu\/fr\/presentation\/nos-agences\/","og_locale":"fr_FR","og_type":"article","og_title":"Les agences Eyesen | Int\u00e9rim et recrutement au Luxembourg","og_description":"D\u00e9couvrez les agences d'Eyesen, soci\u00e9t\u00e9 d'int\u00e9rim et recrutement bas\u00e9e au Luxembourg.","og_url":"https:\/\/www.eyesen.lu\/fr\/presentation\/nos-agences\/","og_site_name":"Eyesen","article_modified_time":"2024-02-05T17:08:45+00:00","og_image":[{"url":"https:\/\/www.eyesen.lu\/wp-content\/uploads\/2020\/11\/eyesen-livange.png"}],"twitter_card":"summary_large_image","twitter_misc":{"Dur\u00e9e de lecture estim\u00e9e":"2 minutes"},"schema":{"@context":"https:\/\/schema.org","@graph":[{"@type":"WebPage","@id":"https:\/\/www.eyesen.lu\/fr\/presentation\/nos-agences\/","url":"https:\/\/www.eyesen.lu\/fr\/presentation\/nos-agences\/","name":"Les agences Eyesen | Int\u00e9rim et recrutement au Luxembourg","isPartOf":{"@id":"https:\/\/www.eyesen.lu\/fr\/#website"},"primaryImageOfPage":{"@id":"https:\/\/www.eyesen.lu\/fr\/presentation\/nos-agences\/#primaryimage"},"image":{"@id":"https:\/\/www.eyesen.lu\/fr\/presentation\/nos-agences\/#primaryimage"},"thumbnailUrl":"https:\/\/www.eyesen.lu\/wp-content\/uploads\/2020\/11\/eyesen-livange.png","datePublished":"2020-11-04T20:43:26+00:00","dateModified":"2024-02-05T17:08:45+00:00","description":"D\u00e9couvrez les agences d'Eyesen, soci\u00e9t\u00e9 d'int\u00e9rim et recrutement bas\u00e9e au Luxembourg.","breadcrumb":{"@id":"https:\/\/www.eyesen.lu\/fr\/presentation\/nos-agences\/#breadcrumb"},"inLanguage":"fr-FR","potentialAction":[{"@type":"ReadAction","target":["https:\/\/www.eyesen.lu\/fr\/presentation\/nos-agences\/"]}]},{"@type":"ImageObject","inLanguage":"fr-FR","@id":"https:\/\/www.eyesen.lu\/fr\/presentation\/nos-agences\/#primaryimage","url":"https:\/\/www.eyesen.lu\/wp-content\/uploads\/2020\/11\/eyesen-livange.png","contentUrl":"https:\/\/www.eyesen.lu\/wp-content\/uploads\/2020\/11\/eyesen-livange.png"},{"@type":"BreadcrumbList","@id":"https:\/\/www.eyesen.lu\/fr\/presentation\/nos-agences\/#breadcrumb","itemListElement":[{"@type":"ListItem","position":1,"name":"Accueil","item":"https:\/\/www.eyesen.lu\/fr\/"},{"@type":"ListItem","position":2,"name":"Pr\u00e9sentation","item":"https:\/\/www.eyesen.lu\/fr\/presentation\/"},{"@type":"ListItem","position":3,"name":"Nos agences"}]},{"@type":"WebSite","@id":"https:\/\/www.eyesen.lu\/fr\/#website","url":"https:\/\/www.eyesen.lu\/fr\/","name":"Eyesen","description":"Un site utilisant WordPress","potentialAction":[{"@type":"SearchAction","target":{"@type":"EntryPoint","urlTemplate":"https:\/\/www.eyesen.lu\/fr\/?s={search_term_string}"},"query-input":{"@type":"PropertyValueSpecification","valueRequired":true,"valueName":"search_term_string"}}],"inLanguage":"fr-FR"}]}},"_links":{"self":[{"href":"https:\/\/www.eyesen.lu\/fr\/wp-json\/wp\/v2\/pages\/1026"}],"collection":[{"href":"https:\/\/www.eyesen.lu\/fr\/wp-json\/wp\/v2\/pages"}],"about":[{"href":"https:\/\/www.eyesen.lu\/fr\/wp-json\/wp\/v2\/types\/page"}],"author":[{"embeddable":true,"href":"https:\/\/www.eyesen.lu\/fr\/wp-json\/wp\/v2\/users\/3"}],"replies":[{"embeddable":true,"href":"https:\/\/www.eyesen.lu\/fr\/wp-json\/wp\/v2\/comments?post=1026"}],"version-history":[{"count":6,"href":"https:\/\/www.eyesen.lu\/fr\/wp-json\/wp\/v2\/pages\/1026\/revisions"}],"predecessor-version":[{"id":2203,"href":"https:\/\/www.eyesen.lu\/fr\/wp-json\/wp\/v2\/pages\/1026\/revisions\/2203"}],"up":[{"embeddable":true,"href":"https:\/\/www.eyesen.lu\/fr\/wp-json\/wp\/v2\/pages\/477"}],"wp:attachment":[{"href":"https:\/\/www.eyesen.lu\/fr\/wp-json\/wp\/v2\/media?parent=1026"}],"curies":[{"name":"wp","href":"https:\/\/api.w.org\/{rel}","templated":true}]}}