{"id":1368,"date":"2020-11-09T14:48:50","date_gmt":"2020-11-09T13:48:50","guid":{"rendered":"https:\/\/www.eyesen.lu\/?page_id=1368"},"modified":"2020-11-09T15:04:42","modified_gmt":"2020-11-09T14:04:42","slug":"mentions-legales","status":"publish","type":"page","link":"https:\/\/www.eyesen.lu\/fr\/mentions-legales\/","title":{"rendered":"Mentions l\u00e9gales"},"content":{"rendered":"\t\t<div data-elementor-type=\"wp-page\" data-elementor-id=\"1368\" class=\"elementor elementor-1368\" data-elementor-post-type=\"page\">\n\t\t\t\t\t\t<section class=\"elementor-section elementor-top-section elementor-element elementor-element-2f421478 elementor-section-boxed elementor-section-height-default elementor-section-height-default\" data-id=\"2f421478\" data-element_type=\"section\" data-settings=\"{&quot;background_background&quot;:&quot;classic&quot;}\">\n\t\t\t\t\t\t<div class=\"elementor-container elementor-column-gap-default\">\n\t\t\t\t\t<div class=\"elementor-column elementor-col-100 elementor-top-column elementor-element elementor-element-135ec758\" data-id=\"135ec758\" data-element_type=\"column\">\n\t\t\t<div class=\"elementor-widget-wrap elementor-element-populated\">\n\t\t\t\t\t\t<div class=\"elementor-element elementor-element-9d576e6 elementor-widget elementor-widget-heading\" data-id=\"9d576e6\" data-element_type=\"widget\" data-widget_type=\"heading.default\">\n\t\t\t\t<div class=\"elementor-widget-container\">\n\t\t\t<h1 class=\"elementor-heading-title elementor-size-default\">Mentions l\u00e9gales<\/h1>\t\t<\/div>\n\t\t\t\t<\/div>\n\t\t\t\t<div class=\"elementor-element elementor-element-263c68f2 elementor-widget elementor-widget-text-editor\" data-id=\"263c68f2\" data-element_type=\"widget\" data-widget_type=\"text-editor.default\">\n\t\t\t\t<div class=\"elementor-widget-container\">\n\t\t\t\t\t\t\t<p>Le site www.eyesen.lu appartient \u00e0 Eyesen SA, entreprise domicili\u00e9e au 5 Rue Geespelt\u00a0L-3378\u00a0Livange.<\/p><p>Les pr\u00e9sentes mentions incluent les conditions d\u2019utilisation et le cadre de protection des donn\u00e9es ayant pour objet d\u2019encadrer l\u2019utilisation du Site par les Utilisateurs et de les informer de leurs droits et obligations.<\/p><p>Nom ou Raison sociale : Eyesen SA<br \/>Adresse : \u00a05 Rue Geespelt\u00a0L-3378\u00a0Livange<br \/><span style=\"color: var( --e-global-color-text ); font-family: var( --e-global-typography-text-font-family ), Sans-serif; font-size: 20px;\">N\u00b0 RCS\u00a0: B149603<br \/><\/span>E-Mail : info@eyesen.lu<br \/>T\u00e9l\u00e9phone : +352 28 48 30 401<span style=\"font-size: 20px; color: var( --e-global-color-text ); font-family: var( --e-global-typography-text-font-family ), Sans-serif;\">\u00a0<\/span><\/p><p><strong>Responsable de la publication :<\/strong>\u00a0Fabrice LEVY<br \/>E-Mail : info@eyesen.lu<br \/>T\u00e9l\u00e9phone : +352 28 48 30 401<\/p><p>Le Site est \u00e9dit\u00e9 et d\u00e9velopp\u00e9 par Domino Communication<br \/><strong>Design et d\u00e9veloppements :<\/strong><br \/>Domino Communication<br \/>2 Gilsduerferstrooss<br \/>L-9366 Ermsdorf, Luxembourg.<br \/><a href=\"http:\/\/www.dominocom.lu\/\">www.dominocom.lu<\/a><\/p><p><strong><br \/>H\u00e9bergement :<\/strong><br \/>OVH<br \/>SAS au capital de 10 069 020 \u20ac<br \/>RCS Lille M\u00e9tropole 424 761 419 00045<br \/>Code APE 2620Z<br \/>N\u00b0 TVA : FR 22 424 761 419<br \/>Si\u00e8ge social : 2 rue Kellermann \u2013 59100 Roubaix \u2013 France<\/p><p>\u00a0<\/p><p><strong><br \/>Conditions d\u2019utilisation du Site<\/strong><\/p><p>Le Site www.eyesen.lu est un emplacement digital d\u00e9di\u00e9, notamment, \u00e0 la promotion des services propos\u00e9s par Eyesen SA.<\/p><p>Tout utilisateur naviguant sur le Site est pr\u00e9sum\u00e9 avoir accept\u00e9 les conditions d\u2019utilisation ci-dessous et se doit de les respecter.<\/p><p>Les pr\u00e9sentes conditions d\u2019utilisation ne s\u2019appliquent pas \u00e0 des modules int\u00e9gr\u00e9s sur le site permettant la communication avec des autres sites et plateformes tiers qui ont fix\u00e9 leurs propres conditions d\u2019utilisation.<\/p><p>Merci de bien vouloir prendre connaissance des conditions d\u2019utilisation de ces modules aupr\u00e8s de leurs \u00e9diteurs respectifs.<\/p><p>Les pr\u00e9sentes conditions peuvent \u00eatre modifi\u00e9es \u00e0 tout moment. Toute modification sera publi\u00e9e sur le Site et tout utilisateur acc\u00e9dant au Site apr\u00e8s leur publication sera pr\u00e9sum\u00e9 avoir accept\u00e9 les modifications.<\/p><p>Les pr\u00e9sentes conditions d\u2019utilisation sont soumises \u00e0 la loi luxembourgeoise.<\/p><p><strong>Copyright<\/strong><\/p><p>Le contenu complet se trouvant sur le site www.eyesen.lu, incluant tout logo, marque, photo, vid\u00e9o, textes, dessins, graphiques et pr\u00e9sentations appartient \u00e0 Eyesen SA.<br \/>Toute reproduction, diffusion, copie, adaptation, citation de tout ou partie de ce site, sur quelque support que ce soit et pour quelque utilisation que ce soit, est formellement interdite sauf autorisation pr\u00e9alable de Eyesen SA.<br \/>Cr\u00e9dits photos :<br \/>Shutterstock,<br \/>Eyesen SA,<br \/>Domino Communication<\/p><p><strong>Liens externes<\/strong><\/p><p>Tous liens provenant d\u2019un site externe et guidant sur le Site sont soumis avant publication \u00e0 autorisation pr\u00e9alable de Eyesen SA qui se r\u00e9serve le droit de poursuivre tout contrevenant.<\/p><p>Eyesen SA d\u00e9cline toute responsabilit\u00e9 concernant des liens pr\u00e9sents sur des sites externes qui renvoient vers le site www.eyesen.lu et ne pourra en aucun cas \u00eatre tenu responsable du contenu pr\u00e9sent au sein de ce site tiers par la simple existence de ces liens.<\/p><p>Le Site www.eyesen.lu peut contenir des liens redirigeant vers des sites partenaires et\/ou des sites tiers. Eyesen SA n\u2019a pas de contr\u00f4le sur ces sites tiers et ne peut en aucun cas surveiller le contenu de ces sites ou les conditions d\u2019utilisation, notamment en mati\u00e8re de protection de donn\u00e9es. Eyesen SA ne pourra en aucun cas \u00eatre tenue responsable pour tout dommage subi sur un site vers lequel un de ses internautes aurait \u00e9t\u00e9 redirig\u00e9.<\/p><p>Le fait de cliquer sur un lien externe dirigera automatiquement l\u2019utilisateur du Site vers ces sites qui sont soumis \u00e0 des conditions d\u2019utilisations qui leur sont propres, et non aux pr\u00e9sentes. L\u2019acc\u00e8s \u00e0 ces sites ext\u00e9rieurs s\u2019effectue aux propres risques de l\u2019utilisateur. Eyesen SA ne pourra \u00eatre tenue responsable pour tout contenu pr\u00e9sent.<\/p><p><strong>Responsabilit\u00e9<\/strong><\/p><p>Eyesen SA effectue des mises \u00e0 jour r\u00e9guli\u00e8res concernant le contenu et les dispositifs en place sur le Site afin de permettre \u00e0 l\u2019utilisateur un acc\u00e8s et une utilisation dans les meilleures conditions.<\/p><p>N\u00e9anmoins, Eyesen SA ne peut garantir en temps r\u00e9el l\u2019actualit\u00e9 et l\u2019int\u00e9gralit\u00e9 des contenus publi\u00e9s sur le Site.<\/p><p>L\u2019utilisateur a dans ce cadre pleinement conscience que les contenus pr\u00e9sents sur le Site sont donn\u00e9s \u00e0 titre indicatif.<\/p><p>Eyesen SA se r\u00e9serve le droit de faire des modifications sur le Site \u00e0 tout moment, et ne peut donc garantir l\u2019utilisateur de l\u2019accessibilit\u00e9 de l\u2019ensemble du Site sans interruption, en temps utile, en toute s\u00e9curit\u00e9 et sans erreur en permanence.<\/p><p>Eyesen SA ne peut \u00eatre tenue responsable de tout dommage caus\u00e9 \u00e0 un utilisateur par les actions d\u2019un tiers, qui par un moyen technique d\u00e9loyal a utilis\u00e9 les informations diffus\u00e9es sur le Site. Nous assurons toutefois mettre en pratique les moyens \u00e0 notre disposition pour lutter contre toute action de ce type, tout en \u00e9tant limit\u00e9e par les contraintes inh\u00e9rentes \u00e0 Internet.<\/p><p>Le Site a \u00e9t\u00e9 d\u00e9velopp\u00e9 par Domino Communication et est mis \u00e0 jour de mani\u00e8re \u00e0 assurer son accessibilit\u00e9. Toutefois Domino Communication ne garantit en aucun cas une accessibilit\u00e9 totale du Site ni l\u2019absence d\u2019erreurs et bugs notamment. Chaque internaute rencontrant une difficult\u00e9 dans sa navigation est invit\u00e9 \u00e0 en informer Domino Communication sans que Domino Communication soit tenu de r\u00e9soudre la difficult\u00e9.<\/p><p>Eyesen SA a le droit de poursuivre toute personne ayant par quelque moyen que ce soit essay\u00e9 de s\u2019attaquer au site www.eyesen.lu, soit \u00e0 sa structure technique ou \u00e0 son contenu publi\u00e9.<\/p>\t\t\t\t\t\t<\/div>\n\t\t\t\t<\/div>\n\t\t\t\t\t<\/div>\n\t\t<\/div>\n\t\t\t\t\t<\/div>\n\t\t<\/section>\n\t\t\t\t<\/div>\n\t\t","protected":false},"excerpt":{"rendered":"<p>Le site www.eyesen.lu appartient \u00e0 Eyesen SA, entreprise domicili\u00e9e au 5 Rue Geespelt\u00a0L-3378\u00a0Livange. Les pr\u00e9sentes mentions incluent les conditions d\u2019utilisation et le cadre de protection des donn\u00e9es ayant pour objet d\u2019encadrer l\u2019utilisation du Site par les Utilisateurs et de les informer de leurs droits et obligations. Nom ou Raison sociale : Eyesen SAAdresse : \u00a05 [&hellip;]<\/p>\n","protected":false},"author":3,"featured_media":0,"parent":0,"menu_order":0,"comment_status":"closed","ping_status":"closed","template":"","meta":{"_acf_changed":false,"site-sidebar-layout":"default","site-content-layout":"default","ast-site-content-layout":"","site-content-style":"default","site-sidebar-style":"default","ast-global-header-display":"","ast-banner-title-visibility":"","ast-main-header-display":"","ast-hfb-above-header-display":"","ast-hfb-below-header-display":"","ast-hfb-mobile-header-display":"","site-post-title":"","ast-breadcrumbs-content":"","ast-featured-img":"","footer-sml-layout":"","theme-transparent-header-meta":"default","adv-header-id-meta":"","stick-header-meta":"","header-above-stick-meta":"","header-main-stick-meta":"","header-below-stick-meta":"","astra-migrate-meta-layouts":"default","ast-page-background-enabled":"default","ast-page-background-meta":{"desktop":{"background-color":"","background-image":"","background-repeat":"repeat","background-position":"center center","background-size":"auto","background-attachment":"scroll","background-type":"","background-media":"","overlay-type":"","overlay-color":"","overlay-opacity":"","overlay-gradient":""},"tablet":{"background-color":"","background-image":"","background-repeat":"repeat","background-position":"center center","background-size":"auto","background-attachment":"scroll","background-type":"","background-media":"","overlay-type":"","overlay-color":"","overlay-opacity":"","overlay-gradient":""},"mobile":{"background-color":"","background-image":"","background-repeat":"repeat","background-position":"center center","background-size":"auto","background-attachment":"scroll","background-type":"","background-media":"","overlay-type":"","overlay-color":"","overlay-opacity":"","overlay-gradient":""}},"ast-content-background-meta":{"desktop":{"background-color":"var(--ast-global-color-5)","background-image":"","background-repeat":"repeat","background-position":"center center","background-size":"auto","background-attachment":"scroll","background-type":"","background-media":"","overlay-type":"","overlay-color":"","overlay-opacity":"","overlay-gradient":""},"tablet":{"background-color":"var(--ast-global-color-5)","background-image":"","background-repeat":"repeat","background-position":"center center","background-size":"auto","background-attachment":"scroll","background-type":"","background-media":"","overlay-type":"","overlay-color":"","overlay-opacity":"","overlay-gradient":""},"mobile":{"background-color":"var(--ast-global-color-5)","background-image":"","background-repeat":"repeat","background-position":"center center","background-size":"auto","background-attachment":"scroll","background-type":"","background-media":"","overlay-type":"","overlay-color":"","overlay-opacity":"","overlay-gradient":""}},"footnotes":""},"class_list":["post-1368","page","type-page","status-publish","hentry"],"acf":[],"yoast_head":"<!-- This site is optimized with the Yoast SEO plugin v23.4 - https:\/\/yoast.com\/wordpress\/plugins\/seo\/ -->\n<title>Mentions l\u00e9gales - Eyesen<\/title>\n<meta name=\"robots\" content=\"index, follow, max-snippet:-1, max-image-preview:large, max-video-preview:-1\" \/>\n<link rel=\"canonical\" href=\"https:\/\/www.eyesen.lu\/fr\/mentions-legales\/\" \/>\n<meta property=\"og:locale\" content=\"fr_FR\" \/>\n<meta property=\"og:type\" content=\"article\" \/>\n<meta property=\"og:title\" content=\"Mentions l\u00e9gales - Eyesen\" \/>\n<meta property=\"og:description\" content=\"Le site www.eyesen.lu appartient \u00e0 Eyesen SA, entreprise domicili\u00e9e au 5 Rue Geespelt\u00a0L-3378\u00a0Livange. Les pr\u00e9sentes mentions incluent les conditions d\u2019utilisation et le cadre de protection des donn\u00e9es ayant pour objet d\u2019encadrer l\u2019utilisation du Site par les Utilisateurs et de les informer de leurs droits et obligations. Nom ou Raison sociale : Eyesen SAAdresse : \u00a05 [&hellip;]\" \/>\n<meta property=\"og:url\" content=\"https:\/\/www.eyesen.lu\/fr\/mentions-legales\/\" \/>\n<meta property=\"og:site_name\" content=\"Eyesen\" \/>\n<meta property=\"article:modified_time\" content=\"2020-11-09T14:04:42+00:00\" \/>\n<meta name=\"twitter:card\" content=\"summary_large_image\" \/>\n<meta name=\"twitter:label1\" content=\"Dur\u00e9e de lecture estim\u00e9e\" \/>\n\t<meta name=\"twitter:data1\" content=\"4 minutes\" \/>\n<script type=\"application\/ld+json\" class=\"yoast-schema-graph\">{\"@context\":\"https:\/\/schema.org\",\"@graph\":[{\"@type\":\"WebPage\",\"@id\":\"https:\/\/www.eyesen.lu\/fr\/mentions-legales\/\",\"url\":\"https:\/\/www.eyesen.lu\/fr\/mentions-legales\/\",\"name\":\"Mentions l\u00e9gales - Eyesen\",\"isPartOf\":{\"@id\":\"https:\/\/www.eyesen.lu\/fr\/#website\"},\"datePublished\":\"2020-11-09T13:48:50+00:00\",\"dateModified\":\"2020-11-09T14:04:42+00:00\",\"breadcrumb\":{\"@id\":\"https:\/\/www.eyesen.lu\/fr\/mentions-legales\/#breadcrumb\"},\"inLanguage\":\"fr-FR\",\"potentialAction\":[{\"@type\":\"ReadAction\",\"target\":[\"https:\/\/www.eyesen.lu\/fr\/mentions-legales\/\"]}]},{\"@type\":\"BreadcrumbList\",\"@id\":\"https:\/\/www.eyesen.lu\/fr\/mentions-legales\/#breadcrumb\",\"itemListElement\":[{\"@type\":\"ListItem\",\"position\":1,\"name\":\"Accueil\",\"item\":\"https:\/\/www.eyesen.lu\/fr\/\"},{\"@type\":\"ListItem\",\"position\":2,\"name\":\"Mentions l\u00e9gales\"}]},{\"@type\":\"WebSite\",\"@id\":\"https:\/\/www.eyesen.lu\/fr\/#website\",\"url\":\"https:\/\/www.eyesen.lu\/fr\/\",\"name\":\"Eyesen\",\"description\":\"Un site utilisant WordPress\",\"potentialAction\":[{\"@type\":\"SearchAction\",\"target\":{\"@type\":\"EntryPoint\",\"urlTemplate\":\"https:\/\/www.eyesen.lu\/fr\/?s={search_term_string}\"},\"query-input\":{\"@type\":\"PropertyValueSpecification\",\"valueRequired\":true,\"valueName\":\"search_term_string\"}}],\"inLanguage\":\"fr-FR\"}]}<\/script>\n<!-- \/ Yoast SEO plugin. -->","yoast_head_json":{"title":"Mentions l\u00e9gales - Eyesen","robots":{"index":"index","follow":"follow","max-snippet":"max-snippet:-1","max-image-preview":"max-image-preview:large","max-video-preview":"max-video-preview:-1"},"canonical":"https:\/\/www.eyesen.lu\/fr\/mentions-legales\/","og_locale":"fr_FR","og_type":"article","og_title":"Mentions l\u00e9gales - Eyesen","og_description":"Le site www.eyesen.lu appartient \u00e0 Eyesen SA, entreprise domicili\u00e9e au 5 Rue Geespelt\u00a0L-3378\u00a0Livange. Les pr\u00e9sentes mentions incluent les conditions d\u2019utilisation et le cadre de protection des donn\u00e9es ayant pour objet d\u2019encadrer l\u2019utilisation du Site par les Utilisateurs et de les informer de leurs droits et obligations. Nom ou Raison sociale : Eyesen SAAdresse : \u00a05 [&hellip;]","og_url":"https:\/\/www.eyesen.lu\/fr\/mentions-legales\/","og_site_name":"Eyesen","article_modified_time":"2020-11-09T14:04:42+00:00","twitter_card":"summary_large_image","twitter_misc":{"Dur\u00e9e de lecture estim\u00e9e":"4 minutes"},"schema":{"@context":"https:\/\/schema.org","@graph":[{"@type":"WebPage","@id":"https:\/\/www.eyesen.lu\/fr\/mentions-legales\/","url":"https:\/\/www.eyesen.lu\/fr\/mentions-legales\/","name":"Mentions l\u00e9gales - Eyesen","isPartOf":{"@id":"https:\/\/www.eyesen.lu\/fr\/#website"},"datePublished":"2020-11-09T13:48:50+00:00","dateModified":"2020-11-09T14:04:42+00:00","breadcrumb":{"@id":"https:\/\/www.eyesen.lu\/fr\/mentions-legales\/#breadcrumb"},"inLanguage":"fr-FR","potentialAction":[{"@type":"ReadAction","target":["https:\/\/www.eyesen.lu\/fr\/mentions-legales\/"]}]},{"@type":"BreadcrumbList","@id":"https:\/\/www.eyesen.lu\/fr\/mentions-legales\/#breadcrumb","itemListElement":[{"@type":"ListItem","position":1,"name":"Accueil","item":"https:\/\/www.eyesen.lu\/fr\/"},{"@type":"ListItem","position":2,"name":"Mentions l\u00e9gales"}]},{"@type":"WebSite","@id":"https:\/\/www.eyesen.lu\/fr\/#website","url":"https:\/\/www.eyesen.lu\/fr\/","name":"Eyesen","description":"Un site utilisant WordPress","potentialAction":[{"@type":"SearchAction","target":{"@type":"EntryPoint","urlTemplate":"https:\/\/www.eyesen.lu\/fr\/?s={search_term_string}"},"query-input":{"@type":"PropertyValueSpecification","valueRequired":true,"valueName":"search_term_string"}}],"inLanguage":"fr-FR"}]}},"_links":{"self":[{"href":"https:\/\/www.eyesen.lu\/fr\/wp-json\/wp\/v2\/pages\/1368"}],"collection":[{"href":"https:\/\/www.eyesen.lu\/fr\/wp-json\/wp\/v2\/pages"}],"about":[{"href":"https:\/\/www.eyesen.lu\/fr\/wp-json\/wp\/v2\/types\/page"}],"author":[{"embeddable":true,"href":"https:\/\/www.eyesen.lu\/fr\/wp-json\/wp\/v2\/users\/3"}],"replies":[{"embeddable":true,"href":"https:\/\/www.eyesen.lu\/fr\/wp-json\/wp\/v2\/comments?post=1368"}],"version-history":[{"count":0,"href":"https:\/\/www.eyesen.lu\/fr\/wp-json\/wp\/v2\/pages\/1368\/revisions"}],"wp:attachment":[{"href":"https:\/\/www.eyesen.lu\/fr\/wp-json\/wp\/v2\/media?parent=1368"}],"curies":[{"name":"wp","href":"https:\/\/api.w.org\/{rel}","templated":true}]}}